{"id":2,"date":"2016-05-10T03:48:21","date_gmt":"2016-05-10T03:48:21","guid":{"rendered":"https:\/\/hardkokki.fi\/?page_id=2"},"modified":"2024-03-16T23:02:26","modified_gmt":"2024-03-16T23:02:26","slug":"etusivu","status":"publish","type":"page","link":"https:\/\/hardkokki.fi\/","title":{"rendered":"Etusivu"},"content":{"rendered":"\t\t<div data-elementor-type=\"wp-page\" data-elementor-id=\"2\" class=\"elementor elementor-2\">\n\t\t\t\t<div class=\"elementor-element elementor-element-7cae3aea e-grid e-con-full e-con e-parent\" data-id=\"7cae3aea\" data-element_type=\"container\" data-core-v316-plus=\"true\">\n\t\t<div class=\"elementor-element elementor-element-daef240 e-con-full e-flex e-con e-child\" data-id=\"daef240\" data-element_type=\"container\">\n\t\t\t\t<div class=\"elementor-element elementor-element-4fdd884 elementor-widget elementor-widget-image\" data-id=\"4fdd884\" data-element_type=\"widget\" data-widget_type=\"image.default\">\n\t\t\t\t<div class=\"elementor-widget-container\">\n\t\t\t<style>\/*! elementor - v3.20.0 - 13-03-2024 *\/\n.elementor-widget-image{text-align:center}.elementor-widget-image a{display:inline-block}.elementor-widget-image a img[src$=\".svg\"]{width:48px}.elementor-widget-image img{vertical-align:middle;display:inline-block}<\/style>\t\t\t\t\t\t\t\t\t\t<img fetchpriority=\"high\" decoding=\"async\" width=\"800\" height=\"751\" src=\"https:\/\/hardkokki.fi\/wp-content\/uploads\/2024\/03\/Hard-Kokki-kokkikuva.png\" class=\"attachment-large size-large wp-image-10\" alt=\"\" srcset=\"https:\/\/hardkokki.fi\/wp-content\/uploads\/2024\/03\/Hard-Kokki-kokkikuva.png 856w, https:\/\/hardkokki.fi\/wp-content\/uploads\/2024\/03\/Hard-Kokki-kokkikuva-300x282.png 300w, https:\/\/hardkokki.fi\/wp-content\/uploads\/2024\/03\/Hard-Kokki-kokkikuva-768x721.png 768w\" sizes=\"(max-width: 800px) 100vw, 800px\" \/>\t\t\t\t\t\t\t\t\t\t\t\t\t<\/div>\n\t\t\t\t<\/div>\n\t\t\t\t<\/div>\n\t\t<div class=\"elementor-element elementor-element-7e2ecc7 e-con-full e-flex e-con e-child\" data-id=\"7e2ecc7\" data-element_type=\"container\">\n\t\t\t\t<div class=\"elementor-element elementor-element-cb3e92b elementor-widget elementor-widget-text-editor\" data-id=\"cb3e92b\" data-element_type=\"widget\" data-widget_type=\"text-editor.default\">\n\t\t\t\t<div class=\"elementor-widget-container\">\n\t\t\t<style>\/*! elementor - v3.20.0 - 13-03-2024 *\/\n.elementor-widget-text-editor.elementor-drop-cap-view-stacked .elementor-drop-cap{background-color:#69727d;color:#fff}.elementor-widget-text-editor.elementor-drop-cap-view-framed .elementor-drop-cap{color:#69727d;border:3px solid;background-color:transparent}.elementor-widget-text-editor:not(.elementor-drop-cap-view-default) .elementor-drop-cap{margin-top:8px}.elementor-widget-text-editor:not(.elementor-drop-cap-view-default) .elementor-drop-cap-letter{width:1em;height:1em}.elementor-widget-text-editor .elementor-drop-cap{float:left;text-align:center;line-height:1;font-size:50px}.elementor-widget-text-editor .elementor-drop-cap-letter{display:inline-block}<\/style>\t\t\t\t<p>No min\u00e4 t\u00e4ss\u00e4 hei, te kaikki ruokaseikkailijat ja ilonpurskahdusten etsij\u00e4t! Tervetuloa HardKokin maailmaan \u2013 paikkaan, jossa ruoka ja hauskuus ly\u00f6v\u00e4t k\u00e4tt\u00e4! M\u00e4 oon se tyyppi, joka heiluu kameran edess\u00e4, viskoo vitsi\u00e4 ja samaan aikaan py\u00f6ritt\u00e4\u00e4 paistinpannuja niin, ett\u00e4 tavallinen tiistai-ilta muuttuu kulinaariseksi juhlaksi. T\u00e4\u00e4 sivusto on tehty just sulle, joka rakastat ruokaa, naurua ja hyvi\u00e4 hetki\u00e4.<\/p><p>Nyt saatat mietti\u00e4, &#8221;Miss\u00e4 ne reseptit on?&#8221; No kuule, t\u00e4ll\u00e4 sivustolla menn\u00e4\u00e4n v\u00e4h\u00e4n eri tavalla. Reseptej\u00e4 et t\u00e4\u00e4lt\u00e4 l\u00f6yd\u00e4, mutta l\u00f6yd\u00e4t jotain paljon parempaa: inspiraatiota, ideoita ja kutsun tulla mukaan matkalle, jossa ruoanlaitto on el\u00e4mys eik\u00e4 pelkk\u00e4 teht\u00e4v\u00e4listan kohta.<\/p><p>HardKokki ei ole mik\u00e4\u00e4n tavanomainen sivusto, eik\u00e4 HardKokki mik\u00e4\u00e4n peruskokki. M\u00e4 en vain tee ruokaa; m\u00e4 teen el\u00e4myksi\u00e4 \u2013 ja jaan ne kaikille teille siell\u00e4 YouTube:ssa ja somessa. Joten, jos olet etsim\u00e4ss\u00e4 niit\u00e4 kuuluisia &#8221;reseptej\u00e4&#8221;, hypp\u00e4\u00e4 mukaan somekanavilleni, miss\u00e4 taika todella tapahtuu.<\/p><p>Joten, jos oot valmis sy\u00f6m\u00e4\u00e4n silmill\u00e4si (ja my\u00f6hemmin, toivottavasti, k\u00e4ytt\u00e4m\u00e4\u00e4n sit\u00e4 inspiraatiota omassa keitti\u00f6ss\u00e4si), liity mukaan seuraani. Me tehd\u00e4\u00e4n yhdess\u00e4 ruoasta jotain paljon enemm\u00e4n kuin vain aterioita \u2013 me tehd\u00e4\u00e4n siit\u00e4 seikkailuja, jotka tuovat iloa, v\u00e4ri\u00e4 ja tietenkin paljon makua el\u00e4m\u00e4\u00e4n.<\/p><p>Tervetuloa osaksi HardKokin maailmaa. T\u00e4\u00e4ll\u00e4 ruoka on vain alkusoitto sille ilolle, jonka jaamme yhdess\u00e4.<\/p><p>N\u00e4hd\u00e4\u00e4n kanavillani,<br \/><span style=\"color: var( --e-global-color-text ); font-family: var( --e-global-typography-text-font-family ), Sans-serif; font-weight: var( --e-global-typography-text-font-weight ); text-align: var(--text-align); font-size: 1rem;\">HardKokki<\/span><\/p>\t\t\t\t\t\t<\/div>\n\t\t\t\t<\/div>\n\t\t\t\t<div class=\"elementor-element elementor-element-fed8709 elementor-widget elementor-widget-image\" data-id=\"fed8709\" data-element_type=\"widget\" data-widget_type=\"image.default\">\n\t\t\t\t<div class=\"elementor-widget-container\">\n\t\t\t\t\t\t\t\t\t\t\t\t\t<img decoding=\"async\" width=\"300\" height=\"229\" src=\"https:\/\/hardkokki.fi\/wp-content\/uploads\/2024\/03\/Hard-Kokki-logo-300x229.png\" class=\"attachment-medium size-medium wp-image-9\" alt=\"\" srcset=\"https:\/\/hardkokki.fi\/wp-content\/uploads\/2024\/03\/Hard-Kokki-logo-300x229.png 300w, https:\/\/hardkokki.fi\/wp-content\/uploads\/2024\/03\/Hard-Kokki-logo-1024x782.png 1024w, https:\/\/hardkokki.fi\/wp-content\/uploads\/2024\/03\/Hard-Kokki-logo-768x586.png 768w, https:\/\/hardkokki.fi\/wp-content\/uploads\/2024\/03\/Hard-Kokki-logo-1536x1173.png 1536w, https:\/\/hardkokki.fi\/wp-content\/uploads\/2024\/03\/Hard-Kokki-logo-2048x1563.png 2048w\" sizes=\"(max-width: 300px) 100vw, 300px\" \/>\t\t\t\t\t\t\t\t\t\t\t\t\t<\/div>\n\t\t\t\t<\/div>\n\t\t\t\t<\/div>\n\t\t\t\t<\/div>\n\t\t<div class=\"elementor-element elementor-element-bffb829 e-con-full e-flex e-con e-parent\" data-id=\"bffb829\" data-element_type=\"container\" data-core-v316-plus=\"true\">\n\t\t\t\t<div class=\"elementor-element elementor-element-bff8258 elementor-widget elementor-widget-spacer\" data-id=\"bff8258\" data-element_type=\"widget\" data-widget_type=\"spacer.default\">\n\t\t\t\t<div class=\"elementor-widget-container\">\n\t\t\t<style>\/*! elementor - v3.20.0 - 13-03-2024 *\/\n.elementor-column .elementor-spacer-inner{height:var(--spacer-size)}.e-con{--container-widget-width:100%}.e-con-inner>.elementor-widget-spacer,.e-con>.elementor-widget-spacer{width:var(--container-widget-width,var(--spacer-size));--align-self:var(--container-widget-align-self,initial);--flex-shrink:0}.e-con-inner>.elementor-widget-spacer>.elementor-widget-container,.e-con>.elementor-widget-spacer>.elementor-widget-container{height:100%;width:100%}.e-con-inner>.elementor-widget-spacer>.elementor-widget-container>.elementor-spacer,.e-con>.elementor-widget-spacer>.elementor-widget-container>.elementor-spacer{height:100%}.e-con-inner>.elementor-widget-spacer>.elementor-widget-container>.elementor-spacer>.elementor-spacer-inner,.e-con>.elementor-widget-spacer>.elementor-widget-container>.elementor-spacer>.elementor-spacer-inner{height:var(--container-widget-height,var(--spacer-size))}.e-con-inner>.elementor-widget-spacer.elementor-widget-empty,.e-con>.elementor-widget-spacer.elementor-widget-empty{position:relative;min-height:22px;min-width:22px}.e-con-inner>.elementor-widget-spacer.elementor-widget-empty .elementor-widget-empty-icon,.e-con>.elementor-widget-spacer.elementor-widget-empty .elementor-widget-empty-icon{position:absolute;top:0;bottom:0;left:0;right:0;margin:auto;padding:0;width:22px;height:22px}<\/style>\t\t<div class=\"elementor-spacer\">\n\t\t\t<div class=\"elementor-spacer-inner\"><\/div>\n\t\t<\/div>\n\t\t\t\t<\/div>\n\t\t\t\t<\/div>\n\t\t\t\t<div class=\"elementor-element elementor-element-bb9ffe1 elementor-widget elementor-widget-heading\" data-id=\"bb9ffe1\" data-element_type=\"widget\" data-widget_type=\"heading.default\">\n\t\t\t\t<div class=\"elementor-widget-container\">\n\t\t\t<style>\/*! elementor - v3.20.0 - 13-03-2024 *\/\n.elementor-heading-title{padding:0;margin:0;line-height:1}.elementor-widget-heading .elementor-heading-title[class*=elementor-size-]>a{color:inherit;font-size:inherit;line-height:inherit}.elementor-widget-heading .elementor-heading-title.elementor-size-small{font-size:15px}.elementor-widget-heading .elementor-heading-title.elementor-size-medium{font-size:19px}.elementor-widget-heading .elementor-heading-title.elementor-size-large{font-size:29px}.elementor-widget-heading .elementor-heading-title.elementor-size-xl{font-size:39px}.elementor-widget-heading .elementor-heading-title.elementor-size-xxl{font-size:59px}<\/style><h2 class=\"elementor-heading-title elementor-size-default\">Palvelut<\/h2>\t\t<\/div>\n\t\t\t\t<\/div>\n\t\t\t\t<div class=\"elementor-element elementor-element-0591623 elementor-widget elementor-widget-spacer\" data-id=\"0591623\" data-element_type=\"widget\" data-widget_type=\"spacer.default\">\n\t\t\t\t<div class=\"elementor-widget-container\">\n\t\t\t\t\t<div class=\"elementor-spacer\">\n\t\t\t<div class=\"elementor-spacer-inner\"><\/div>\n\t\t<\/div>\n\t\t\t\t<\/div>\n\t\t\t\t<\/div>\n\t\t\t\t<\/div>\n\t\t<div class=\"elementor-element elementor-element-dda14da e-grid e-con-full e-con e-parent\" data-id=\"dda14da\" data-element_type=\"container\" data-core-v316-plus=\"true\">\n\t\t<div class=\"elementor-element elementor-element-c3f1d82 e-flex e-con-boxed e-con e-child\" data-id=\"c3f1d82\" data-element_type=\"container\">\n\t\t\t\t\t<div class=\"e-con-inner\">\n\t\t\t\t<div class=\"elementor-element elementor-element-f2b1e07 elementor-widget elementor-widget-heading\" data-id=\"f2b1e07\" data-element_type=\"widget\" data-widget_type=\"heading.default\">\n\t\t\t\t<div class=\"elementor-widget-container\">\n\t\t\t<h2 class=\"elementor-heading-title elementor-size-default\">Catering ja kokkipalvelut<\/h2>\t\t<\/div>\n\t\t\t\t<\/div>\n\t\t\t\t<div class=\"elementor-element elementor-element-55a2c11 elementor-widget elementor-widget-image\" data-id=\"55a2c11\" data-element_type=\"widget\" data-widget_type=\"image.default\">\n\t\t\t\t<div class=\"elementor-widget-container\">\n\t\t\t\t\t\t\t\t\t\t\t\t\t<img decoding=\"async\" width=\"768\" height=\"768\" src=\"https:\/\/hardkokki.fi\/wp-content\/uploads\/2024\/03\/HardKokki-Catering-ja-kokkipalvelut-768x768.jpg\" class=\"attachment-medium_large size-medium_large wp-image-28\" alt=\"\" srcset=\"https:\/\/hardkokki.fi\/wp-content\/uploads\/2024\/03\/HardKokki-Catering-ja-kokkipalvelut-768x768.jpg 768w, https:\/\/hardkokki.fi\/wp-content\/uploads\/2024\/03\/HardKokki-Catering-ja-kokkipalvelut-300x300.jpg 300w, https:\/\/hardkokki.fi\/wp-content\/uploads\/2024\/03\/HardKokki-Catering-ja-kokkipalvelut-150x150.jpg 150w, https:\/\/hardkokki.fi\/wp-content\/uploads\/2024\/03\/HardKokki-Catering-ja-kokkipalvelut.jpg 1024w\" sizes=\"(max-width: 768px) 100vw, 768px\" \/>\t\t\t\t\t\t\t\t\t\t\t\t\t<\/div>\n\t\t\t\t<\/div>\n\t\t\t\t<div class=\"elementor-element elementor-element-8e1daaf elementor-align-center elementor-widget elementor-widget-button\" data-id=\"8e1daaf\" data-element_type=\"widget\" data-widget_type=\"button.default\">\n\t\t\t\t<div class=\"elementor-widget-container\">\n\t\t\t\t\t<div class=\"elementor-button-wrapper\">\n\t\t\t<a class=\"elementor-button elementor-button-link elementor-size-sm elementor-animation-grow\" href=\"#\">\n\t\t\t\t\t\t<span class=\"elementor-button-content-wrapper\">\n\t\t\t\t\t\t<span class=\"elementor-button-text\">Lue lis\u00e4\u00e4<\/span>\n\t\t<\/span>\n\t\t\t\t\t<\/a>\n\t\t<\/div>\n\t\t\t\t<\/div>\n\t\t\t\t<\/div>\n\t\t\t\t\t<\/div>\n\t\t\t\t<\/div>\n\t\t<div class=\"elementor-element elementor-element-d7544c4 e-flex e-con-boxed e-con e-child\" data-id=\"d7544c4\" data-element_type=\"container\">\n\t\t\t\t\t<div class=\"e-con-inner\">\n\t\t\t\t<div class=\"elementor-element elementor-element-6eaa1b7 elementor-widget elementor-widget-heading\" data-id=\"6eaa1b7\" data-element_type=\"widget\" data-widget_type=\"heading.default\">\n\t\t\t\t<div class=\"elementor-widget-container\">\n\t\t\t<h2 class=\"elementor-heading-title elementor-size-default\">Kaupalliset yhteisty\u00f6t<\/h2>\t\t<\/div>\n\t\t\t\t<\/div>\n\t\t\t\t<div class=\"elementor-element elementor-element-06b7ee9 elementor-widget elementor-widget-image\" data-id=\"06b7ee9\" data-element_type=\"widget\" data-widget_type=\"image.default\">\n\t\t\t\t<div class=\"elementor-widget-container\">\n\t\t\t\t\t\t\t\t\t\t\t\t\t<img loading=\"lazy\" decoding=\"async\" width=\"800\" height=\"800\" src=\"https:\/\/hardkokki.fi\/wp-content\/uploads\/2024\/03\/HardKokki-Kaupalliset-yhteistyot.jpg\" class=\"attachment-large size-large wp-image-22\" alt=\"\" srcset=\"https:\/\/hardkokki.fi\/wp-content\/uploads\/2024\/03\/HardKokki-Kaupalliset-yhteistyot.jpg 1024w, https:\/\/hardkokki.fi\/wp-content\/uploads\/2024\/03\/HardKokki-Kaupalliset-yhteistyot-300x300.jpg 300w, https:\/\/hardkokki.fi\/wp-content\/uploads\/2024\/03\/HardKokki-Kaupalliset-yhteistyot-150x150.jpg 150w, https:\/\/hardkokki.fi\/wp-content\/uploads\/2024\/03\/HardKokki-Kaupalliset-yhteistyot-768x768.jpg 768w\" sizes=\"(max-width: 800px) 100vw, 800px\" \/>\t\t\t\t\t\t\t\t\t\t\t\t\t<\/div>\n\t\t\t\t<\/div>\n\t\t\t\t<div class=\"elementor-element elementor-element-2f3b96d elementor-align-center elementor-widget elementor-widget-button\" data-id=\"2f3b96d\" data-element_type=\"widget\" data-widget_type=\"button.default\">\n\t\t\t\t<div class=\"elementor-widget-container\">\n\t\t\t\t\t<div class=\"elementor-button-wrapper\">\n\t\t\t<a class=\"elementor-button elementor-button-link elementor-size-sm elementor-animation-grow\" href=\"#\">\n\t\t\t\t\t\t<span class=\"elementor-button-content-wrapper\">\n\t\t\t\t\t\t<span class=\"elementor-button-text\">Lue lis\u00e4\u00e4<\/span>\n\t\t<\/span>\n\t\t\t\t\t<\/a>\n\t\t<\/div>\n\t\t\t\t<\/div>\n\t\t\t\t<\/div>\n\t\t\t\t\t<\/div>\n\t\t\t\t<\/div>\n\t\t<div class=\"elementor-element elementor-element-079ea16 e-flex e-con-boxed e-con e-child\" data-id=\"079ea16\" data-element_type=\"container\">\n\t\t\t\t\t<div class=\"e-con-inner\">\n\t\t\t\t<div class=\"elementor-element elementor-element-29c44ae elementor-widget elementor-widget-heading\" data-id=\"29c44ae\" data-element_type=\"widget\" data-widget_type=\"heading.default\">\n\t\t\t\t<div class=\"elementor-widget-container\">\n\t\t\t<h2 class=\"elementor-heading-title elementor-size-default\">Mediamyynti<br> <\/h2>\t\t<\/div>\n\t\t\t\t<\/div>\n\t\t\t\t<div class=\"elementor-element elementor-element-46ed6f5 elementor-widget elementor-widget-image\" data-id=\"46ed6f5\" data-element_type=\"widget\" data-widget_type=\"image.default\">\n\t\t\t\t<div class=\"elementor-widget-container\">\n\t\t\t\t\t\t\t\t\t\t\t\t\t<img loading=\"lazy\" decoding=\"async\" width=\"800\" height=\"800\" src=\"https:\/\/hardkokki.fi\/wp-content\/uploads\/2024\/03\/HardKokki-mediamyynti.jpg\" class=\"attachment-large size-large wp-image-23\" alt=\"\" srcset=\"https:\/\/hardkokki.fi\/wp-content\/uploads\/2024\/03\/HardKokki-mediamyynti.jpg 1024w, https:\/\/hardkokki.fi\/wp-content\/uploads\/2024\/03\/HardKokki-mediamyynti-300x300.jpg 300w, https:\/\/hardkokki.fi\/wp-content\/uploads\/2024\/03\/HardKokki-mediamyynti-150x150.jpg 150w, https:\/\/hardkokki.fi\/wp-content\/uploads\/2024\/03\/HardKokki-mediamyynti-768x768.jpg 768w\" sizes=\"(max-width: 800px) 100vw, 800px\" \/>\t\t\t\t\t\t\t\t\t\t\t\t\t<\/div>\n\t\t\t\t<\/div>\n\t\t\t\t<div class=\"elementor-element elementor-element-2eca642 elementor-align-center elementor-widget elementor-widget-button\" data-id=\"2eca642\" data-element_type=\"widget\" data-widget_type=\"button.default\">\n\t\t\t\t<div class=\"elementor-widget-container\">\n\t\t\t\t\t<div class=\"elementor-button-wrapper\">\n\t\t\t<a class=\"elementor-button elementor-button-link elementor-size-sm elementor-animation-grow\" href=\"#\">\n\t\t\t\t\t\t<span class=\"elementor-button-content-wrapper\">\n\t\t\t\t\t\t<span class=\"elementor-button-text\">Lue lis\u00e4\u00e4<\/span>\n\t\t<\/span>\n\t\t\t\t\t<\/a>\n\t\t<\/div>\n\t\t\t\t<\/div>\n\t\t\t\t<\/div>\n\t\t\t\t\t<\/div>\n\t\t\t\t<\/div>\n\t\t\t\t<\/div>\n\t\t\t\t<\/div>\n\t\t","protected":false},"excerpt":{"rendered":"<p>No min\u00e4 t\u00e4ss\u00e4 hei, te kaikki ruokaseikkailijat ja ilonpurskahdusten etsij\u00e4t! Tervetuloa HardKokin maailmaan \u2013 paikkaan, jossa ruoka ja hauskuus ly\u00f6v\u00e4t k\u00e4tt\u00e4! M\u00e4 oon se tyyppi, joka heiluu kameran edess\u00e4, viskoo vitsi\u00e4 ja samaan aikaan py\u00f6ritt\u00e4\u00e4 paistinpannuja niin, ett\u00e4 tavallinen tiistai-ilta muuttuu kulinaariseksi juhlaksi. T\u00e4\u00e4 sivusto on tehty just sulle, joka rakastat ruokaa, naurua ja hyvi\u00e4 [&hellip;]<\/p>\n","protected":false},"author":1,"featured_media":0,"parent":0,"menu_order":0,"comment_status":"closed","ping_status":"closed","template":"elementor_header_footer","meta":{"footnotes":""},"_links":{"self":[{"href":"https:\/\/hardkokki.fi\/index.php?rest_route=\/wp\/v2\/pages\/2"}],"collection":[{"href":"https:\/\/hardkokki.fi\/index.php?rest_route=\/wp\/v2\/pages"}],"about":[{"href":"https:\/\/hardkokki.fi\/index.php?rest_route=\/wp\/v2\/types\/page"}],"author":[{"embeddable":true,"href":"https:\/\/hardkokki.fi\/index.php?rest_route=\/wp\/v2\/users\/1"}],"replies":[{"embeddable":true,"href":"https:\/\/hardkokki.fi\/index.php?rest_route=%2Fwp%2Fv2%2Fcomments&post=2"}],"version-history":[{"count":31,"href":"https:\/\/hardkokki.fi\/index.php?rest_route=\/wp\/v2\/pages\/2\/revisions"}],"predecessor-version":[{"id":58,"href":"https:\/\/hardkokki.fi\/index.php?rest_route=\/wp\/v2\/pages\/2\/revisions\/58"}],"wp:attachment":[{"href":"https:\/\/hardkokki.fi\/index.php?rest_route=%2Fwp%2Fv2%2Fmedia&parent=2"}],"curies":[{"name":"wp","href":"https:\/\/api.w.org\/{rel}","templated":true}]}}